{"id":2167,"date":"2018-12-20T00:01:50","date_gmt":"2018-12-20T00:01:50","guid":{"rendered":"https:\/\/omertemel.com\/?page_id=2167"},"modified":"2018-12-20T00:01:50","modified_gmt":"2018-12-20T00:01:50","slug":"blog-2","status":"publish","type":"page","link":"https:\/\/omertemel.com\/?page_id=2167","title":{"rendered":"Blog"},"content":{"rendered":"<p>[vc_row][vc_column css_animation=&#8221;fadeInUp&#8221; css=&#8221;.vc_custom_1540833112587{padding-top: 50px !important;padding-bottom: 20px !important;}&#8221;][vc_single_image image=&#8221;1342&#8243; img_size=&#8221;517&#215;100&#8243; alignment=&#8221;center&#8221; css_animation=&#8221;none&#8221;][\/vc_column][\/vc_row][vc_row][vc_column]<div class=\"blog-items row blog-type-grid blog-5c0fb2f5aa0de \"><article class=\"blog-item category-mianin-kaleminden with-image col-xs-12 col-sm-4 col-md-4\"><div class=\"wrap\"><div class=\"img\"><a href=\"https:\/\/omertemel.com\/?p=1341\" style=\"background-image: url(https:\/\/omertemel.com\/wp-content\/uploads\/2018\/10\/mia-sanat-galerisi-elazig-fotografci-ilham-kaynagi.jpg);\"><\/a><\/div><div class=\"content\"><h5><a href=\"https:\/\/omertemel.com\/?p=1341\">\u0130LHAM KAYNA\u011eI<\/a><\/h5><div class=\"date\">29\/12\/2018<\/div><p>\u00d6zel g\u00fcn\u00fcn heyecan\u0131yla her detay\u0131 kusursuzca tasarlamak ve d\u00fc\u011f\u00fcn\u00fcn\u00fcz\u00fc herkes i\u00e7in unutulmaz k\u0131lmak istedi\u011finizin fark\u0131nday\u0131z. Bu a\u015famada en \u00f6nemli unsurlardan birinin de \u201cfoto...<\/p><\/div><div class=\"clear\"><\/div><div class=\"bottom like-on comment-off\"><div class=\"col\"><a href=\"#\" class=\"zilla-likes\" id=\"zilla-likes-1341\" title=\"Like this\" data-postfix=\" likes\"><i class=\"multimedia-icon-heart\"><\/i> <span>9 likes<\/span><\/a><\/div><\/div><\/div><\/article><article class=\"blog-item category-mianin-kaleminden with-image col-xs-12 col-sm-4 col-md-4\"><div class=\"wrap\"><div class=\"img\"><a href=\"https:\/\/omertemel.com\/?p=1347\" style=\"background-image: url(https:\/\/omertemel.com\/wp-content\/uploads\/2018\/10\/mia-sanat-galerisi-zarif-secimler-blog-yazisi.jpg);\"><\/a><\/div><div class=\"content\"><h5><a href=\"https:\/\/omertemel.com\/?p=1347\">ZAR\u0130F SE\u00c7\u0130MLER<\/a><\/h5><div class=\"date\">27\/12\/2018<\/div><p>Pek \u00e7ok gelin d\u00fc\u011f\u00fcn haz\u0131rl\u0131klar\u0131na nereden ba\u015flayacaklar\u0131n\u0131 bilemez. Bu s\u00fcre\u00e7te her konuda \u00f6n\u00fcm\u00fcze dizilen onlarca se\u00e7enek kafan\u0131z\u0131n iyice kar\u0131\u015fmas\u0131na, sizin i\u00e7in en uygun o...<\/p><\/div><div class=\"clear\"><\/div><div class=\"bottom like-on comment-off\"><div class=\"col\"><a href=\"#\" class=\"zilla-likes\" id=\"zilla-likes-1347\" title=\"Like this\" data-postfix=\" likes\"><i class=\"multimedia-icon-heart\"><\/i> <span>11 likes<\/span><\/a><\/div><\/div><\/div><\/article><article class=\"blog-item category-mianin-kaleminden with-image col-xs-12 col-sm-4 col-md-4\"><div class=\"wrap\"><div class=\"img\"><a href=\"https:\/\/omertemel.com\/?p=1350\" style=\"background-image: url(https:\/\/omertemel.com\/wp-content\/uploads\/2018\/10\/mia-sanat-galerisi-sklgnn-sembolu.jpg);\"><\/a><\/div><div class=\"content\"><h5><a href=\"https:\/\/omertemel.com\/?p=1350\">\u015eIKLI\u011eIN SEMBOL\u00dc<\/a><\/h5><div class=\"date\">20\/12\/2018<\/div><p>D\u00fc\u011f\u00fcn\u00fcn yap\u0131laca\u011f\u0131 mekandan, giyece\u011finiz smokinin tarz\u0131na kadar hepsi bir biriyle ba\u011flant\u0131l\u0131 olmal\u0131d\u0131r. Otel, d\u00fc\u011f\u00fcn salonu gibi daha resmi ve kapal\u0131 mekanlarda yap\u0131lan d\u00fc\u011f\u00fcn...<\/p><\/div><div class=\"clear\"><\/div><div class=\"bottom like-on comment-off\"><div class=\"col\"><a href=\"#\" class=\"zilla-likes\" id=\"zilla-likes-1350\" title=\"Like this\" data-postfix=\" likes\"><i class=\"multimedia-icon-heart\"><\/i> <span>9 likes<\/span><\/a><\/div><\/div><\/div><\/article><article class=\"blog-item category-mianin-kaleminden with-image col-xs-12 col-sm-4 col-md-4\"><div class=\"wrap\"><div class=\"img\"><a href=\"https:\/\/omertemel.com\/?p=1871\" style=\"background-image: url(https:\/\/omertemel.com\/wp-content\/uploads\/2018\/12\/dortmevsim.jpg);\"><\/a><\/div><div class=\"content\"><h5><a href=\"https:\/\/omertemel.com\/?p=1871\">4 MEVS\u0130M<\/a><\/h5><div class=\"date\">11\/12\/2018<\/div><p>\u0130LKBAHAR \/ SPRING\r\n\r\nVivaldi&#039;nin ilk mevsimidir \u0130LKBAHAR!\r\n\r\nYeniden do\u011fu\u015f! Ku\u015flar\u0131n, \u00e7i\u00e7eklerin, b\u00f6ceklerin hatta t\u00fcm canl\u0131lar\u0131n kendini en iyi hissetti\u011fi mevsim...\u00a0Yaz&#039;\u0131n haberci...<\/p><\/div><div class=\"clear\"><\/div><div class=\"bottom like-on comment-off\"><div class=\"col\"><a href=\"#\" class=\"zilla-likes\" id=\"zilla-likes-1871\" title=\"Like this\" data-postfix=\" likes\"><i class=\"multimedia-icon-heart\"><\/i> <span>6 likes<\/span><\/a><\/div><\/div><\/div><\/article><article class=\"blog-item category-mianin-kaleminden with-image col-xs-12 col-sm-4 col-md-4\"><div class=\"wrap\"><div class=\"img\"><a href=\"https:\/\/omertemel.com\/?p=2196\" style=\"background-image: url(https:\/\/omertemel.com\/wp-content\/uploads\/2018\/12\/mia-sanat-galerisi-basari-blog-yazisi.jpg);\"><\/a><\/div><div class=\"content\"><h5><a href=\"https:\/\/omertemel.com\/?p=2196\">BA\u015eARI<\/a><\/h5><div class=\"date\">10\/12\/2018<\/div><p>\u2018\u2019 Ba\u015far\u0131; ki\u015finin yetenek ve yeti\u015fmeye ba\u011fl\u0131 olarak g\u00f6sterdi\u011fi ansal ya da eylemsel etkinliklerinin olumlu \u00fcr\u00fcn\u00fc, bir i\u015fi istenilen bi\u00e7imde bitirmek, elde etmek, istedi\u011fini bul...<\/p><\/div><div class=\"clear\"><\/div><div class=\"bottom like-on comment-off\"><div class=\"col\"><a href=\"#\" class=\"zilla-likes\" id=\"zilla-likes-2196\" title=\"Like this\" data-postfix=\" likes\"><i class=\"multimedia-icon-heart\"><\/i> <span>9 likes<\/span><\/a><\/div><\/div><\/div><\/article><article class=\"blog-item category-mianin-kaleminden with-image col-xs-12 col-sm-4 col-md-4\"><div class=\"wrap\"><div class=\"img\"><a href=\"https:\/\/omertemel.com\/?p=1852\" style=\"background-image: url(https:\/\/omertemel.com\/wp-content\/uploads\/2018\/12\/S.S.S-sss-g\u00f6rsel-kopya.jpg);\"><\/a><\/div><div class=\"content\"><h5><a href=\"https:\/\/omertemel.com\/?p=1852\">S.S.S<\/a><\/h5><div class=\"date\">10\/12\/2018<\/div><p>Bir foto\u011fraf\u00e7\u0131l\u0131k t\u00fcyosu alabilir miyiz?\r\n\r\nHer foto\u011frafta objeden daha da \u00f6nemli olan \u00f6\u011fe \u0131\u015f\u0131kt\u0131r. \u2018\u2019 I\u015f\u0131\u011fa dikkat edin! \u2018\u2019\r\n\r\nK\u0131sa s\u00fcrede bu kadar ba\u015far\u0131l\u0131 oldunuz,...<\/p><\/div><div class=\"clear\"><\/div><div class=\"bottom like-on comment-off\"><div class=\"col\"><a href=\"#\" class=\"zilla-likes\" id=\"zilla-likes-1852\" title=\"Like this\" data-postfix=\" likes\"><i class=\"multimedia-icon-heart\"><\/i> <span>8 likes<\/span><\/a><\/div><\/div><\/div><\/article><\/div>[\/vc_column][\/vc_row]<\/p>\n","protected":false},"excerpt":{"rendered":"<p>[vc_row][vc_column css_animation=&#8221;fadeInUp&#8221; css=&#8221;.vc_custom_1540833112587{padding-top: 50px !important;padding-bottom: 20px !important;}&#8221;][vc_single_image image=&#8221;1342&#8243; img_size=&#8221;517&#215;100&#8243; alignment=&#8221;center&#8221; css_animation=&#8221;none&#8221;][\/vc_column][\/vc_row][vc_row][vc_column][\/vc_column][\/vc_row]<\/p>\n","protected":false},"author":2,"featured_media":0,"parent":0,"menu_order":1,"comment_status":"closed","ping_status":"closed","template":"template-landing.php","meta":[],"_links":{"self":[{"href":"https:\/\/omertemel.com\/index.php?rest_route=\/wp\/v2\/pages\/2167"}],"collection":[{"href":"https:\/\/omertemel.com\/index.php?rest_route=\/wp\/v2\/pages"}],"about":[{"href":"https:\/\/omertemel.com\/index.php?rest_route=\/wp\/v2\/types\/page"}],"author":[{"embeddable":true,"href":"https:\/\/omertemel.com\/index.php?rest_route=\/wp\/v2\/users\/2"}],"replies":[{"embeddable":true,"href":"https:\/\/omertemel.com\/index.php?rest_route=%2Fwp%2Fv2%2Fcomments&post=2167"}],"version-history":[{"count":1,"href":"https:\/\/omertemel.com\/index.php?rest_route=\/wp\/v2\/pages\/2167\/revisions"}],"predecessor-version":[{"id":2168,"href":"https:\/\/omertemel.com\/index.php?rest_route=\/wp\/v2\/pages\/2167\/revisions\/2168"}],"wp:attachment":[{"href":"https:\/\/omertemel.com\/index.php?rest_route=%2Fwp%2Fv2%2Fmedia&parent=2167"}],"curies":[{"name":"wp","href":"https:\/\/api.w.org\/{rel}","templated":true}]}}