{"id":753,"date":"2017-09-20T11:51:56","date_gmt":"2017-09-20T11:51:56","guid":{"rendered":"https:\/\/omertemel.com\/?page_id=753"},"modified":"2019-01-20T13:56:30","modified_gmt":"2019-01-20T13:56:30","slug":"randevual","status":"publish","type":"page","link":"https:\/\/omertemel.com\/?page_id=753","title":{"rendered":"Randevu Al"},"content":{"rendered":"<p>[vc_row full_height=&#8221;yes&#8221; columns_placement=&#8221;stretch&#8221; equal_height=&#8221;yes&#8221;][vc_column css_animation=&#8221;fadeInUp&#8221; css=&#8221;.vc_custom_1545673061013{padding-top: 50px !important;background-color: #ffffff !important;border-radius: 3px !important;}&#8221;][vc_column_text]<\/p>\n<p style=\"text-align: center;\">Online Randevulara<span style=\"font-size: 20px;\"><strong> %10<\/strong><\/span> \u0130ndirim !<\/p>\n<p>[\/vc_column_text][vc_raw_html]JTVCcXVmb3JtJTIwaWQlM0QlMjIzJTIyJTIwbmFtZSUzRCUyMlJhbmRldnUlMjBBbCUyMiU1RA==[\/vc_raw_html][vc_column_text]<\/p>\n<ul style=\"list-style-type: square;\">\n<li><span style=\"font-size: 11px;\">D\u0131\u015f \u00e7ekim tarihini &#8216;<strong>Randevu Talep Et&#8217;<\/strong> butonunu kullanarak olu\u015fturan t\u00fcm misafirlerimiz i\u00e7in ge\u00e7erlidir.<\/span><\/li>\n<li><span style=\"font-size: 11px;\">\u00d6zel indirim, g\u00fcn boyu \u00e7ekimlerde ge\u00e7erli olup \u2018<strong>Kampanya Alb\u00fcm Paketi<\/strong>\u2019 hari\u00e7, t\u00fcm paketleri kapsamaktad\u0131r.<\/span><\/li>\n<li><span style=\"font-size: 11px;\">Randevu olu\u015fturdu\u011funuz tarih i\u00e7in, ekibimiz taraf\u0131ndan minimum s\u00fcrede taraf\u0131n\u0131za d\u00f6n\u00fc\u015f sa\u011flanacakt\u0131r.<\/span><\/li>\n<li><span style=\"font-size: 11px;\">Firmam\u0131z \u00fcr\u00fcn ve hizmetlerindeki de\u011fi\u015fiklik hakk\u0131n\u0131 sakl\u0131 tutar.<\/span><\/li>\n<\/ul>\n<p>[\/vc_column_text][\/vc_column][\/vc_row]<\/p>\n","protected":false},"excerpt":{"rendered":"<p>[vc_row full_height=&#8221;yes&#8221; columns_placement=&#8221;stretch&#8221; equal_height=&#8221;yes&#8221;][vc_column css_animation=&#8221;fadeInUp&#8221; css=&#8221;.vc_custom_1545673061013{padding-top: 50px !important;background-color: #ffffff !important;border-radius: 3px !important;}&#8221;][vc_column_text] Online Randevulara %10 \u0130ndirim ! [\/vc_column_text][vc_raw_html]JTVCcXVmb3JtJTIwaWQlM0QlMjIzJTIyJTIwbmFtZSUzRCUyMlJhbmRldnUlMjBBbCUyMiU1RA==[\/vc_raw_html][vc_column_text] D\u0131\u015f \u00e7ekim tarihini &#8216;Randevu Talep Et&#8217; butonunu kullanarak olu\u015fturan t\u00fcm misafirlerimiz i\u00e7in ge\u00e7erlidir. \u00d6zel indirim, g\u00fcn boyu \u00e7ekimlerde ge\u00e7erli olup \u2018Kampanya Alb\u00fcm Paketi\u2019 hari\u00e7, t\u00fcm paketleri kapsamaktad\u0131r. Randevu olu\u015fturdu\u011funuz tarih i\u00e7in, ekibimiz taraf\u0131ndan minimum s\u00fcrede taraf\u0131n\u0131za d\u00f6n\u00fc\u015f [&hellip;]<\/p>\n","protected":false},"author":3,"featured_media":0,"parent":0,"menu_order":0,"comment_status":"closed","ping_status":"closed","template":"template-landing.php","meta":[],"_links":{"self":[{"href":"https:\/\/omertemel.com\/index.php?rest_route=\/wp\/v2\/pages\/753"}],"collection":[{"href":"https:\/\/omertemel.com\/index.php?rest_route=\/wp\/v2\/pages"}],"about":[{"href":"https:\/\/omertemel.com\/index.php?rest_route=\/wp\/v2\/types\/page"}],"author":[{"embeddable":true,"href":"https:\/\/omertemel.com\/index.php?rest_route=\/wp\/v2\/users\/3"}],"replies":[{"embeddable":true,"href":"https:\/\/omertemel.com\/index.php?rest_route=%2Fwp%2Fv2%2Fcomments&post=753"}],"version-history":[{"count":35,"href":"https:\/\/omertemel.com\/index.php?rest_route=\/wp\/v2\/pages\/753\/revisions"}],"predecessor-version":[{"id":2212,"href":"https:\/\/omertemel.com\/index.php?rest_route=\/wp\/v2\/pages\/753\/revisions\/2212"}],"wp:attachment":[{"href":"https:\/\/omertemel.com\/index.php?rest_route=%2Fwp%2Fv2%2Fmedia&parent=753"}],"curies":[{"name":"wp","href":"https:\/\/api.w.org\/{rel}","templated":true}]}}