{"id":767,"date":"2017-09-20T13:36:57","date_gmt":"2017-09-20T13:36:57","guid":{"rendered":"https:\/\/omertemel.com\/?page_id=767"},"modified":"2018-12-30T06:51:28","modified_gmt":"2018-12-30T06:51:28","slug":"iletisim","status":"publish","type":"page","link":"https:\/\/omertemel.com\/?page_id=767","title":{"rendered":"\u0130leti\u015fim"},"content":{"rendered":"<p>[vc_row][vc_column][\/vc_column][\/vc_row][vc_row][vc_column width=&#8221;1\/2&#8243;][vc_row_inner css=&#8221;.vc_custom_1545253145830{padding-top: 75px !important;}&#8221;][vc_column_inner width=&#8221;1\/4&#8243;][vc_icon icon_fontawesome=&#8221;fa fa-phone&#8221; color=&#8221;custom&#8221; background_style=&#8221;rounded-outline&#8221; background_color=&#8221;custom&#8221; align=&#8221;center&#8221; custom_background_color=&#8221;#000000&#8243;][\/vc_column_inner][vc_column_inner width=&#8221;3\/4&#8243;][vc_raw_html]JTNDY2VudGVyJTNFJTNDYSUyMGhyZWYlM0QlMjJ0ZWwlM0ElMkYlMkYlMkI5MDU1MzQ5MTIzMjMlMjIlM0UlMkI5MCUyMDU1MyUyMDQ5MSUyMDIzMjMlM0MlMkZhJTNFJTNDJTJGY2VudGVyJTNF[\/vc_raw_html][\/vc_column_inner][\/vc_row_inner][vc_row_inner][vc_column_inner width=&#8221;1\/4&#8243;][vc_icon icon_fontawesome=&#8221;fa fa-envelope-open-o&#8221; color=&#8221;custom&#8221; background_style=&#8221;rounded-outline&#8221; background_color=&#8221;custom&#8221; align=&#8221;center&#8221; custom_background_color=&#8221;#000000&#8243;][\/vc_column_inner][vc_column_inner width=&#8221;3\/4&#8243;][vc_raw_html]JTNDY2VudGVyJTNFJTNDYSUyMGhyZWYlM0QlMjJtYWlsdG8lM0FiaWxnaSU0MG1pYXNhbmF0Z2FsZXJpc2kuY29tJTIyJTNFJTIwYmlsZ2klNDBtaWFzYW5hdGdhbGVyaXNpLmNvbSUzQyUyRmElM0UlM0MlMkZjZW50ZXIlM0U=[\/vc_raw_html][\/vc_column_inner][\/vc_row_inner][vc_row_inner][vc_column_inner width=&#8221;1\/4&#8243;][vc_icon icon_fontawesome=&#8221;fa fa-map-marker&#8221; color=&#8221;custom&#8221; background_style=&#8221;rounded-outline&#8221; background_color=&#8221;custom&#8221; align=&#8221;center&#8221; custom_background_color=&#8221;#000000&#8243;][\/vc_column_inner][vc_column_inner width=&#8221;3\/4&#8243;][vc_raw_html]JTNDY2VudGVyJTNFJUM0JUIwenpldHBhJUM1JTlGYSUyME1haC4lMjBNZWhtZXQlQzMlQTdpayUyMFNvay4lMjBUZWttZW4lMjAlQzQlQjAlQzUlOUYlMjBNZXJrZXppJTIwTm8lM0EzJTJGMyUyMEthdCUzQTIlMjBFTEFaSSVDNCU5RSUzQyUyRmNlbnRlciUzRQ==[\/vc_raw_html][\/vc_column_inner][\/vc_row_inner][\/vc_column][vc_column width=&#8221;1\/2&#8243;][vc_raw_html css=&#8221;.vc_custom_1545252413300{padding-top: 23px !important;}&#8221;]JTNDY2VudGVyJTNFQml6aW1sZSUyMCVDMyVBN2FsJUM0JUIxJUM1JTlGbWFrJTIwaXN0ZXIlMjBtaXNpbml6JTNGJTNDJTJGY2VudGVyJTNF[\/vc_raw_html][vc_column_text]<div id=\"quform-92c88f\" class=\"quform quform-2 quform-support-page-caching\"><form id=\"quform-form-92c88f\" class=\"quform-form quform-form-2\" action=\"\/index.php?rest_route=%2Fwp%2Fv2%2Fpages%2F767#quform-92c88f\" method=\"post\" enctype=\"multipart\/form-data\" novalidate=\"novalidate\" data-options=\"{&quot;id&quot;:2,&quot;uniqueId&quot;:&quot;92c88f&quot;,&quot;theme&quot;:&quot;&quot;,&quot;ajax&quot;:true,&quot;logic&quot;:{&quot;logic&quot;:[],&quot;dependents&quot;:[],&quot;elementIds&quot;:[],&quot;dependentElementIds&quot;:[],&quot;animate&quot;:true},&quot;currentPageId&quot;:1,&quot;errorsIcon&quot;:&quot;&quot;,&quot;updateFancybox&quot;:true,&quot;hasPages&quot;:false,&quot;pages&quot;:[1],&quot;pageProgressType&quot;:&quot;numbers&quot;,&quot;tooltipsEnabled&quot;:true,&quot;tooltipClasses&quot;:&quot;qtip-quform-dark qtip-shadow&quot;,&quot;tooltipMy&quot;:&quot;left center&quot;,&quot;tooltipAt&quot;:&quot;right center&quot;,&quot;scrollOffset&quot;:-50,&quot;scrollSpeed&quot;:800}\"><button class=\"quform-default-submit\" name=\"quform_submit\" type=\"submit\" value=\"submit\"><\/button><div class=\"quform-form-inner quform-form-inner-2\"><input type=\"hidden\" name=\"quform_form_id\" value=\"2\" \/><input type=\"hidden\" name=\"quform_form_uid\" value=\"92c88f\" \/><input type=\"hidden\" name=\"quform_count\" value=\"1\" \/><input type=\"hidden\" name=\"form_url\" value=\"https:\/\/omertemel.com\/index.php?rest_route=%2Fwp%2Fv2%2Fpages%2F767\" \/><input type=\"hidden\" name=\"referring_url\" value=\"\" \/><input type=\"hidden\" name=\"post_id\" value=\"\" \/><input type=\"hidden\" name=\"post_title\" value=\"\" \/><input type=\"hidden\" name=\"quform_current_page_id\" value=\"1\" \/><input type=\"hidden\" name=\"quform_csrf_token\" value=\"7AImIYgvMhx3UgG1pJmjOtNoMJAFwQUVCI0vUspd\" \/><div class=\"quform-elements quform-elements-2 quform-cf quform-responsive-elements-phone-landscape\"><div class=\"quform-element quform-element-page quform-page-1 quform-page-2_1 quform-cf quform-group-style-plain quform-first-page quform-last-page quform-current-page\"><div class=\"quform-child-elements\"><div class=\"quform-element quform-element-text quform-element-2_8 quform-cf quform-element-required\"><div class=\"quform-spacer\"><div class=\"quform-label quform-label-2_8\"><span class=\"quform-label-icon\"><i class=\"fa fa-user\"><\/i><\/span><label class=\"quform-label-text\" for=\"quform_2_8_92c88f\">Ad\u0131n\u0131z Soyad\u0131n\u0131z<span class=\"quform-required\">*<\/span><\/label><\/div><div class=\"quform-inner quform-inner-text quform-inner-2_8\"><div class=\"quform-input quform-input-text quform-input-2_8 quform-cf\"><input type=\"text\" id=\"quform_2_8_92c88f\" name=\"quform_2_8\" class=\"quform-field quform-field-text quform-field-2_8\" \/><\/div><\/div><\/div><\/div><div class=\"quform-element quform-element-email quform-element-2_5 quform-cf quform-element-required\"><div class=\"quform-spacer\"><div class=\"quform-label quform-label-2_5\"><span class=\"quform-label-icon\"><i class=\"fa fa-envelope-o\"><\/i><\/span><label class=\"quform-label-text\" for=\"quform_2_5_92c88f\">E-posta adresiniz<span class=\"quform-required\">*<\/span><\/label><\/div><div class=\"quform-inner quform-inner-email quform-inner-2_5\"><div class=\"quform-input quform-input-email quform-input-2_5 quform-cf\"><input type=\"email\" id=\"quform_2_5_92c88f\" name=\"quform_2_5\" class=\"quform-field quform-field-email quform-field-2_5\" \/><\/div><\/div><\/div><\/div><div class=\"quform-element quform-element-text quform-element-2_26 quform-cf quform-element-required\"><div class=\"quform-spacer\"><div class=\"quform-label quform-label-2_26\"><span class=\"quform-label-icon\"><i class=\"fa fa-phone-square\"><\/i><\/span><label class=\"quform-label-text\" for=\"quform_2_26_92c88f\">\u0130leti\u015fim Numaran\u0131z<span class=\"quform-required\">*<\/span><\/label><\/div><div class=\"quform-inner quform-inner-text quform-inner-2_26\"><div class=\"quform-input quform-input-text quform-input-2_26 quform-cf\"><input type=\"text\" id=\"quform_2_26_92c88f\" name=\"quform_2_26\" class=\"quform-field quform-field-text quform-field-2_26\" \/><\/div><\/div><\/div><\/div><div class=\"quform-element quform-element-row quform-element-row-2_16 quform-2-columns quform-element-row-size-fixed quform-responsive-columns-phone-landscape\"><div class=\"quform-element quform-element-column quform-element-2_17\"><div class=\"quform-element quform-element-file quform-element-2_15 quform-cf quform-element-optional\"><div class=\"quform-spacer\"><div class=\"quform-label quform-label-2_15\"><span class=\"quform-label-icon\"><i class=\"qicon-file_upload\"><\/i><\/span><label class=\"quform-label-text\" for=\"quform_2_15_92c88f\">CV Y\u00fckle<\/label><\/div><div class=\"quform-inner quform-inner-file quform-inner-2_15\"><div class=\"quform-input quform-input-file quform-input-2_15 quform-cf quform-button-style-theme\"><input type=\"file\" id=\"quform_2_15_92c88f\" name=\"quform_2_15[]\" class=\"quform-field quform-field-file quform-field-2_15 quform-field-file-enhanced\" data-config=\"{&quot;id&quot;:15,&quot;identifier&quot;:&quot;2_15&quot;,&quot;name&quot;:&quot;quform_2_15&quot;,&quot;max&quot;:1,&quot;size&quot;:10485760,&quot;allowedExtensions&quot;:[&quot;jpg&quot;,&quot;jpeg&quot;,&quot;png&quot;,&quot;gif&quot;,&quot;doc&quot;,&quot;docx&quot;,&quot;pdf&quot;],&quot;notAllowedTypeWithFilename&quot;:&quot;&#039;%filename%&#039; dosya t\\u00fcr\\u00fcne izin verilmiyor&quot;,&quot;tooBigWithFilename&quot;:&quot;&#039;%filename%&#039; dosya ad\\u0131, izin verilen maksimum dosya boyutunu a\\u015f\\u0131yor&quot;,&quot;tooMany&quot;:&quot;%max%&#039;den fazla dosya y\\u00fckleyemezsiniz&quot;,&quot;buttonType&quot;:&quot;button&quot;,&quot;buttonText&quot;:&quot;G\\u00f6zat&quot;,&quot;buttonIcon&quot;:&quot;qicon-file_upload&quot;,&quot;buttonIconPosition&quot;:&quot;right&quot;}\" \/><\/div><\/div><\/div><\/div><\/div><div class=\"quform-element quform-element-column quform-element-2_18\"><div class=\"quform-element quform-element-submit quform-element-2_14 quform-cf quform-button-style-theme\"><div class=\"quform-button-submit quform-button-submit-default quform-button-submit-2_14\"><button name=\"quform_submit\" type=\"submit\" class=\"quform-submit\" value=\"submit\"><span class=\"quform-button-text quform-button-submit-text\">G\u00f6nder<\/span><\/button><\/div><div class=\"quform-loading quform-loading-position-left quform-loading-type-spinner-1\"><div class=\"quform-loading-inner\"><div class=\"quform-loading-spinner\"><div class=\"quform-loading-spinner-inner\"><\/div><\/div><\/div><\/div><\/div><\/div><\/div><div class=\"quform-element-tree\"><label for=\"quform_2_0_92c88f\">Bu alan bo\u015f b\u0131rak\u0131lmal\u0131d\u0131r<\/label><input type=\"text\" id=\"quform_2_0_92c88f\" name=\"quform_2_0\" class=\"quform-field quform-field-tree quform-field-2_0\" tabindex=\"-1\" autocomplete=\"off\" \/><\/div><\/div><\/div><\/div><div class=\"quform-upload-progress-wrap\"><div class=\"quform-upload-progress-bar-wrap\"><div class=\"quform-upload-progress-bar\"><\/div><\/div><div class=\"quform-upload-info quform-cf\"><div class=\"quform-upload-filename\"><\/div><\/div><\/div><\/div><\/form><\/div>[\/vc_column_text][\/vc_column][\/vc_row][vc_row][vc_column css=&#8221;.vc_custom_1505914410329{padding-bottom: 25px !important;}&#8221;][vc_gmaps link=&#8221;#E-8_JTNDaWZyYW1lJTIwc3JjJTNEJTIyaHR0cHMlM0ElMkYlMkZ3d3cuZ29vZ2xlLmNvbSUyRm1hcHMlMkZlbWJlZCUzRnBiJTNEJTIxMW0xOCUyMTFtMTIlMjExbTMlMjExZDU1MC42MjU2MDI0MDQ5NDIlMjEyZDM5LjIyMDE2NDU1ODg2MDA3JTIxM2QzOC42NzYyNjI0ODU3MzMyMDQlMjEybTMlMjExZjAlMjEyZjAlMjEzZjAlMjEzbTIlMjExaTEwMjQlMjEyaTc2OCUyMTRmMTMuMSUyMTNtMyUyMTFtMiUyMTFzMHg0MDc2YzA2NGIyMDlhZDQ5JTI1M0EweDc1NzcwOGU1MzQ5ZTY5ZjAlMjEyc01pYSUyQlNhbmF0JTJCR2FsZXJpc2klMjE1ZTAlMjEzbTIlMjExc3RyJTIxMnN0ciUyMTR2MTU0MDgzNzM1MDU3OSUyMiUyMHdpZHRoJTNEJTIyMjAwMCUyMiUyMGhlaWdodCUzRCUyMjQwMCUyMiUyMGZyYW1lYm9yZGVyJTNEJTIyMCUyMiUyMHN0eWxlJTNEJTIyYm9yZGVyJTNBMCUyMiUyMGFsbG93ZnVsbHNjcmVlbiUzRSUzQyUyRmlmcmFtZSUzRQ==&#8221;][\/vc_column][\/vc_row]<\/p>\n","protected":false},"excerpt":{"rendered":"<p>[vc_row][vc_column][\/vc_column][\/vc_row][vc_row][vc_column width=&#8221;1\/2&#8243;][vc_row_inner css=&#8221;.vc_custom_1545253145830{padding-top: 75px !important;}&#8221;][vc_column_inner width=&#8221;1\/4&#8243;][vc_icon icon_fontawesome=&#8221;fa fa-phone&#8221; color=&#8221;custom&#8221; background_style=&#8221;rounded-outline&#8221; background_color=&#8221;custom&#8221; align=&#8221;center&#8221; custom_background_color=&#8221;#000000&#8243;][\/vc_column_inner][vc_column_inner width=&#8221;3\/4&#8243;][vc_raw_html]JTNDY2VudGVyJTNFJTNDYSUyMGhyZWYlM0QlMjJ0ZWwlM0ElMkYlMkYlMkI5MDU1MzQ5MTIzMjMlMjIlM0UlMkI5MCUyMDU1MyUyMDQ5MSUyMDIzMjMlM0MlMkZhJTNFJTNDJTJGY2VudGVyJTNF[\/vc_raw_html][\/vc_column_inner][\/vc_row_inner][vc_row_inner][vc_column_inner width=&#8221;1\/4&#8243;][vc_icon icon_fontawesome=&#8221;fa fa-envelope-open-o&#8221; color=&#8221;custom&#8221; background_style=&#8221;rounded-outline&#8221; background_color=&#8221;custom&#8221; align=&#8221;center&#8221; custom_background_color=&#8221;#000000&#8243;][\/vc_column_inner][vc_column_inner width=&#8221;3\/4&#8243;][vc_raw_html]JTNDY2VudGVyJTNFJTNDYSUyMGhyZWYlM0QlMjJtYWlsdG8lM0FiaWxnaSU0MG1pYXNhbmF0Z2FsZXJpc2kuY29tJTIyJTNFJTIwYmlsZ2klNDBtaWFzYW5hdGdhbGVyaXNpLmNvbSUzQyUyRmElM0UlM0MlMkZjZW50ZXIlM0U=[\/vc_raw_html][\/vc_column_inner][\/vc_row_inner][vc_row_inner][vc_column_inner width=&#8221;1\/4&#8243;][vc_icon icon_fontawesome=&#8221;fa fa-map-marker&#8221; color=&#8221;custom&#8221; background_style=&#8221;rounded-outline&#8221; background_color=&#8221;custom&#8221; align=&#8221;center&#8221; custom_background_color=&#8221;#000000&#8243;][\/vc_column_inner][vc_column_inner width=&#8221;3\/4&#8243;][vc_raw_html]JTNDY2VudGVyJTNFJUM0JUIwenpldHBhJUM1JTlGYSUyME1haC4lMjBNZWhtZXQlQzMlQTdpayUyMFNvay4lMjBUZWttZW4lMjAlQzQlQjAlQzUlOUYlMjBNZXJrZXppJTIwTm8lM0EzJTJGMyUyMEthdCUzQTIlMjBFTEFaSSVDNCU5RSUzQyUyRmNlbnRlciUzRQ==[\/vc_raw_html][\/vc_column_inner][\/vc_row_inner][\/vc_column][vc_column width=&#8221;1\/2&#8243;][vc_raw_html css=&#8221;.vc_custom_1545252413300{padding-top: 23px !important;}&#8221;]JTNDY2VudGVyJTNFQml6aW1sZSUyMCVDMyVBN2FsJUM0JUIxJUM1JTlGbWFrJTIwaXN0ZXIlMjBtaXNpbml6JTNGJTNDJTJGY2VudGVyJTNF[\/vc_raw_html][vc_column_text][\/vc_column_text][\/vc_column][\/vc_row][vc_row][vc_column css=&#8221;.vc_custom_1505914410329{padding-bottom: 25px !important;}&#8221;][vc_gmaps link=&#8221;#E-8_JTNDaWZyYW1lJTIwc3JjJTNEJTIyaHR0cHMlM0ElMkYlMkZ3d3cuZ29vZ2xlLmNvbSUyRm1hcHMlMkZlbWJlZCUzRnBiJTNEJTIxMW0xOCUyMTFtMTIlMjExbTMlMjExZDU1MC42MjU2MDI0MDQ5NDIlMjEyZDM5LjIyMDE2NDU1ODg2MDA3JTIxM2QzOC42NzYyNjI0ODU3MzMyMDQlMjEybTMlMjExZjAlMjEyZjAlMjEzZjAlMjEzbTIlMjExaTEwMjQlMjEyaTc2OCUyMTRmMTMuMSUyMTNtMyUyMTFtMiUyMTFzMHg0MDc2YzA2NGIyMDlhZDQ5JTI1M0EweDc1NzcwOGU1MzQ5ZTY5ZjAlMjEyc01pYSUyQlNhbmF0JTJCR2FsZXJpc2klMjE1ZTAlMjEzbTIlMjExc3RyJTIxMnN0ciUyMTR2MTU0MDgzNzM1MDU3OSUyMiUyMHdpZHRoJTNEJTIyMjAwMCUyMiUyMGhlaWdodCUzRCUyMjQwMCUyMiUyMGZyYW1lYm9yZGVyJTNEJTIyMCUyMiUyMHN0eWxlJTNEJTIyYm9yZGVyJTNBMCUyMiUyMGFsbG93ZnVsbHNjcmVlbiUzRSUzQyUyRmlmcmFtZSUzRQ==&#8221;][\/vc_column][\/vc_row]<\/p>\n","protected":false},"author":3,"featured_media":0,"parent":0,"menu_order":0,"comment_status":"closed","ping_status":"closed","template":"template-landing.php","meta":[],"_links":{"self":[{"href":"https:\/\/omertemel.com\/index.php?rest_route=\/wp\/v2\/pages\/767"}],"collection":[{"href":"https:\/\/omertemel.com\/index.php?rest_route=\/wp\/v2\/pages"}],"about":[{"href":"https:\/\/omertemel.com\/index.php?rest_route=\/wp\/v2\/types\/page"}],"author":[{"embeddable":true,"href":"https:\/\/omertemel.com\/index.php?rest_route=\/wp\/v2\/users\/3"}],"replies":[{"embeddable":true,"href":"https:\/\/omertemel.com\/index.php?rest_route=%2Fwp%2Fv2%2Fcomments&post=767"}],"version-history":[{"count":23,"href":"https:\/\/omertemel.com\/index.php?rest_route=\/wp\/v2\/pages\/767\/revisions"}],"predecessor-version":[{"id":2193,"href":"https:\/\/omertemel.com\/index.php?rest_route=\/wp\/v2\/pages\/767\/revisions\/2193"}],"wp:attachment":[{"href":"https:\/\/omertemel.com\/index.php?rest_route=%2Fwp%2Fv2%2Fmedia&parent=767"}],"curies":[{"name":"wp","href":"https:\/\/api.w.org\/{rel}","templated":true}]}}